{"id":1605,"date":"2024-06-10T07:31:42","date_gmt":"2024-06-10T07:31:42","guid":{"rendered":"https:\/\/gaisabaloni.lv\/?post_type=product&#038;p=1605"},"modified":"2024-06-10T07:34:04","modified_gmt":"2024-06-10T07:34:04","slug":"individuals-lidojums-gaisa-balona-astonam-personam-4-8-vietiga-balona","status":"publish","type":"product","link":"https:\/\/gaisabaloni.lv\/en\/products\/individuals-lidojums-gaisa-balona-astonam-personam-4-8-vietiga-balona\/","title":{"rendered":"Individu\u0101ls Lidojums gaisa balon\u0101, asto\u0146\u0101m person\u0101m (4-8 viet\u012bg\u0101 balon\u0101)"},"content":{"rendered":"","protected":false},"excerpt":{"rendered":"","protected":false},"featured_media":0,"comment_status":"open","ping_status":"closed","template":"","meta":{"_et_pb_use_builder":"","_et_pb_old_content":"","_et_gb_content_width":""},"product_brand":[],"product_cat":[22],"product_tag":[],"class_list":{"0":"post-1605","1":"product","2":"type-product","3":"status-publish","5":"product_cat-bez-kategorijas","7":"first","8":"instock","9":"virtual","10":"taxable","11":"purchasable","12":"product-type-simple"},"_links":{"self":[{"href":"https:\/\/gaisabaloni.lv\/en\/wp-json\/wp\/v2\/product\/1605","targetHints":{"allow":["GET"]}}],"collection":[{"href":"https:\/\/gaisabaloni.lv\/en\/wp-json\/wp\/v2\/product"}],"about":[{"href":"https:\/\/gaisabaloni.lv\/en\/wp-json\/wp\/v2\/types\/product"}],"replies":[{"embeddable":true,"href":"https:\/\/gaisabaloni.lv\/en\/wp-json\/wp\/v2\/comments?post=1605"}],"wp:attachment":[{"href":"https:\/\/gaisabaloni.lv\/en\/wp-json\/wp\/v2\/media?parent=1605"}],"wp:term":[{"taxonomy":"product_brand","embeddable":true,"href":"https:\/\/gaisabaloni.lv\/en\/wp-json\/wp\/v2\/product_brand?post=1605"},{"taxonomy":"product_cat","embeddable":true,"href":"https:\/\/gaisabaloni.lv\/en\/wp-json\/wp\/v2\/product_cat?post=1605"},{"taxonomy":"product_tag","embeddable":true,"href":"https:\/\/gaisabaloni.lv\/en\/wp-json\/wp\/v2\/product_tag?post=1605"}],"curies":[{"name":"wp","href":"https:\/\/api.w.org\/{rel}","templated":true}]}}